{"id":118549,"date":"2022-12-07T15:16:48","date_gmt":"2022-12-07T15:16:48","guid":{"rendered":"http:\/\/serviciosaempresas.com.ar\/?page_id=118549"},"modified":"2025-02-27T13:08:19","modified_gmt":"2025-02-27T13:08:19","slug":"productos-destacados","status":"publish","type":"page","link":"https:\/\/serviciosaempresas.com.ar\/index.php\/productos-destacados\/","title":{"rendered":"Destacados"},"content":{"rendered":"<p>[vc_row unlock_row_content=&#8221;yes&#8221; row_height_percent=&#8221;0&#8243; override_padding=&#8221;yes&#8221; h_padding=&#8221;6&#8243; top_padding=&#8221;5&#8243; bottom_padding=&#8221;5&#8243; overlay_alpha=&#8221;50&#8243; gutter_size=&#8221;4&#8243; column_width_use_pixel=&#8221;yes&#8221; shift_y=&#8221;0&#8243; z_index=&#8221;0&#8243; el_class=&#8221;inverted-device-order&#8221; column_width_pixel=&#8221;1600&#8243; uncode_shortcode_id=&#8221;301557&#8243;][vc_column column_width_percent=&#8221;100&#8243; position_vertical=&#8221;middle&#8221; gutter_size=&#8221;3&#8243; overlay_alpha=&#8221;50&#8243; shift_x=&#8221;0&#8243; shift_y=&#8221;0&#8243; shift_y_down=&#8221;0&#8243; z_index=&#8221;0&#8243; medium_width=&#8221;0&#8243; align_mobile=&#8221;align_center_mobile&#8221; mobile_width=&#8221;0&#8243; width=&#8221;5\/12&#8243; uncode_shortcode_id=&#8221;157335&#8243;][vc_custom_heading text_color=&#8221;color-135486&#8243; heading_semantic=&#8221;h3&#8243; text_font=&#8221;font-150923&#8243; text_size=&#8221;fontsize-155944&#8243; uncode_shortcode_id=&#8221;103016&#8243; text_color_type=&#8221;uncode-palette&#8221;]Transductores de presi\u00f3n[\/vc_custom_heading][vc_column_text text_color=&#8221;color-135486&#8243; uncode_shortcode_id=&#8221;121017&#8243; text_color_type=&#8221;uncode-palette&#8221;]Nuestros transductores poseen una calidad superior. Se utiliza en pacientes que requieren una monitorizaci\u00f3n continua de la presi\u00f3n arterial.[\/vc_column_text][vc_button button_color=&#8221;color-135486&#8243; size=&#8221;btn-lg&#8221; radius=&#8221;btn-circle&#8221; outline=&#8221;yes&#8221; text_skin=&#8221;yes&#8221; custom_typo=&#8221;yes&#8221; font_family=&#8221;font-150923&#8243; font_weight=&#8221;600&#8243; border_width=&#8221;0&#8243; link=&#8221;url:http%3A%2F%2Fserviciosaempresas.com.ar%2Findex.php%2Fportfolio%2Ftransductores-presion%2F|title:1-Destacados-Portfolio%20Fluid|target:_blank&#8221; button_color_type=&#8221;uncode-palette&#8221; uncode_shortcode_id=&#8221;496014&#8243;]CONOCE M\u00c1S[\/vc_button][vc_column_text uncode_shortcode_id=&#8221;184128&#8243;]<strong>\u00a1No te pierdas el resto de nuestros productos m\u00e1s abajo!<\/strong>[\/vc_column_text][\/vc_column][vc_column width=&#8221;7\/12&#8243;][uncode_index el_id=&#8221;index-0&#8243; index_type=&#8221;css_grid&#8221; loop=&#8221;size:1|order_by:date|post_type:portfolio|by_id:121178|taxonomy_count:10&#8243; grid_items=&#8221;1&#8243; screen_lg_items=&#8221;1&#8243; screen_lg_breakpoint=&#8221;480&#8243; screen_md_items=&#8221;1&#8243; screen_md_breakpoint=&#8221;480&#8243; screen_sm_items=&#8221;1&#8243; screen_sm_breakpoint=&#8221;480&#8243; gutter_size=&#8221;0&#8243; portfolio_items=&#8221;media|featured|onpost|original&#8221; css_grid_images_size=&#8221;five-four&#8221; single_style=&#8221;dark&#8221; single_shape=&#8221;round&#8221; single_overlay_opacity=&#8221;50&#8243; single_overlay_anim=&#8221;no&#8221; single_image_anim=&#8221;no&#8221; single_padding=&#8221;0&#8243; single_title_dimension=&#8221;fontsize-155944&#8243; single_title_weight=&#8221;300&#8243; single_text_lead=&#8221;yes&#8221; single_shadow=&#8221;yes&#8221; shadow_weight=&#8221;lg&#8221; shadow_darker=&#8221;yes&#8221; single_border=&#8221;yes&#8221; uncode_shortcode_id=&#8221;896902&#8243;][\/vc_column][\/vc_row][vc_row][vc_column column_width_percent=&#8221;100&#8243; align_horizontal=&#8221;align_center&#8221; gutter_size=&#8221;0&#8243; overlay_alpha=&#8221;50&#8243; shift_x=&#8221;0&#8243; shift_y=&#8221;0&#8243; shift_y_down=&#8221;0&#8243; z_index=&#8221;0&#8243; medium_width=&#8221;0&#8243; mobile_width=&#8221;0&#8243; width=&#8221;1\/1&#8243; uncode_shortcode_id=&#8221;127246&#8243;][vc_row_inner row_inner_height_percent=&#8221;0&#8243; overlay_alpha=&#8221;50&#8243; gutter_size=&#8221;4&#8243; shift_y=&#8221;0&#8243; z_index=&#8221;0&#8243; limit_content=&#8221;&#8221; uncode_shortcode_id=&#8221;662964&#8243;][vc_column_inner column_width_percent=&#8221;100&#8243; align_horizontal=&#8221;align_center&#8221; gutter_size=&#8221;3&#8243; overlay_alpha=&#8221;50&#8243; shift_x=&#8221;0&#8243; shift_y=&#8221;0&#8243; shift_y_down=&#8221;0&#8243; z_index=&#8221;0&#8243; medium_width=&#8221;0&#8243; mobile_width=&#8221;0&#8243; width=&#8221;8\/12&#8243; uncode_shortcode_id=&#8221;351377&#8243;][vc_custom_heading text_color=&#8221;color-135486&#8243; heading_semantic=&#8221;h1&#8243; text_font=&#8221;font-150923&#8243; text_size=&#8221;fontsize-210105&#8243; text_height=&#8221;fontheight-357766&#8243; text_space=&#8221;fontspace-781688&#8243; sub_lead=&#8221;yes&#8221; sub_reduced=&#8221;yes&#8221; text_align=&#8221;text-left&#8221; text_serif=&#8221;yes&#8221; uncode_shortcode_id=&#8221;148644&#8243; text_color_type=&#8221;uncode-palette&#8221;]Productos destacados[\/vc_custom_heading][vc_column_text text_lead=&#8221;yes&#8221; text_color=&#8221;color-135486&#8243; uncode_shortcode_id=&#8221;326304&#8243; text_color_type=&#8221;uncode-palette&#8221;]Ofrecen una diferenciaci\u00f3n sobre el resto de los productos del mercado.[\/vc_column_text][\/vc_column_inner][\/vc_row_inner][\/vc_column][\/vc_row][vc_row unlock_row_content=&#8221;yes&#8221; row_height_percent=&#8221;100&#8243; override_padding=&#8221;yes&#8221; h_padding=&#8221;0&#8243; top_padding=&#8221;1&#8243; bottom_padding=&#8221;0&#8243; overlay_alpha=&#8221;50&#8243; gutter_size=&#8221;3&#8243; column_width_percent=&#8221;100&#8243; shift_y=&#8221;0&#8243; z_index=&#8221;0&#8243; uncode_shortcode_id=&#8221;455254&#8243;][vc_column width=&#8221;1\/1&#8243;][uncode_index el_id=&#8221;index-194414&#8243; isotope_mode=&#8221;fitRows&#8221; loop=&#8221;size:50|order_by:date|post_type:portfolio|tax_query:167,169|taxonomy_count:10&#8243; style_preset=&#8221;metro&#8221; single_height_viewport=&#8221;yes&#8221; screen_lg=&#8221;1000&#8243; screen_md=&#8221;800&#8243; screen_sm=&#8221;480&#8243; filtering=&#8221;ajax&#8221; ajax_filters_content_block_id=&#8221;45418&#8243; ajax_filters_layout=&#8221;overlay&#8221; filtering_uppercase=&#8221;yes&#8221; filter_all_opposite=&#8221;yes&#8221; gutter_size=&#8221;0&#8243; product_items=&#8221;title,media|featured|onpost|original|hide-sale|enhanced-atc|auto-w-atc,price|inline&#8221; portfolio_items=&#8221;media|featured|onpost|original,title&#8221; single_text=&#8221;overlay&#8221; single_fluid_height=&#8221;50&#8243; single_overlay_color=&#8221;color-922859&#8243; single_overlay_coloration=&#8221;bottom_gradient&#8221; single_overlay_blend=&#8221;darken&#8221; single_overlay_opacity=&#8221;50&#8243; single_overlay_visible=&#8221;yes&#8221; single_overlay_anim=&#8221;no&#8221; single_text_visible=&#8221;yes&#8221; single_text_anim=&#8221;no&#8221; single_v_position=&#8221;bottom&#8221; single_padding=&#8221;2&#8243; single_title_dimension=&#8221;h5&#8243; single_title_space=&#8221;fontspace-781688&#8243; single_border=&#8221;yes&#8221; single_css_animation=&#8221;bottom-t-top&#8221; single_animation_speed=&#8221;800&#8243; single_animation_delay=&#8221;100&#8243; uncode_shortcode_id=&#8221;207628&#8243; items=&#8221;eyIxMTg3ODVfaSI6eyJzaW5nbGVfYmFja19jb2xvciI6IiIsInNpbmdsZV9vdmVybGF5X2NvbG9yIjoiIiwic2luZ2xlX292ZXJsYXlfYmxlbmQiOiIiLCJzaW5nbGVfaWNvbiI6IiJ9LCIxMTkyNTRfaSI6eyJzaW5nbGVfb3ZlcmxheV92aXNpYmxlIjoieWVzIiwic2luZ2xlX292ZXJsYXlfYW5pbSI6Im5vIn0sIjExOTE2OV9pIjp7InNpbmdsZV9vdmVybGF5X3Zpc2libGUiOiJ5ZXMiLCJzaW5nbGVfb3ZlcmxheV9hbmltIjoibm8ifX0=&#8221;][\/vc_column][\/vc_row][vc_row row_height_percent=&#8221;0&#8243; override_padding=&#8221;yes&#8221; h_padding=&#8221;5&#8243; top_padding=&#8221;5&#8243; bottom_padding=&#8221;5&#8243; overlay_alpha=&#8221;50&#8243; gutter_size=&#8221;4&#8243; column_width_percent=&#8221;100&#8243; shift_y=&#8221;0&#8243; z_index=&#8221;0&#8243; uncode_shortcode_id=&#8221;427368&#8243;][vc_column column_width_percent=&#8221;100&#8243; position_horizontal=&#8221;left&#8221; position_vertical=&#8221;middle&#8221; gutter_size=&#8221;3&#8243; font_family=&#8221;font-339240&#8243; overlay_alpha=&#8221;50&#8243; shift_x=&#8221;0&#8243; shift_y=&#8221;0&#8243; shift_y_down=&#8221;0&#8243; z_index=&#8221;0&#8243; medium_width=&#8221;4&#8243; align_mobile=&#8221;align_center_mobile&#8221; mobile_width=&#8221;0&#8243; width=&#8221;6\/12&#8243; uncode_shortcode_id=&#8221;573911&#8243;][vc_custom_heading text_color=&#8221;color-135486&#8243; heading_semantic=&#8221;h3&#8243; text_font=&#8221;font-150923&#8243; text_size=&#8221;fontsize-155944&#8243; sub_lead=&#8221;yes&#8221; uncode_shortcode_id=&#8221;109924&#8243; text_color_type=&#8221;uncode-palette&#8221;]Descubr\u00ed nuestros &#8220;buques insignia&#8221;[\/vc_custom_heading][vc_button button_color=&#8221;color-135486&#8243; size=&#8221;btn-lg&#8221; radius=&#8221;btn-circle&#8221; outline=&#8221;yes&#8221; text_skin=&#8221;yes&#8221; custom_typo=&#8221;yes&#8221; font_family=&#8221;font-150923&#8243; font_weight=&#8221;600&#8243; border_width=&#8221;0&#8243; link=&#8221;url:http%3A%2F%2Fserviciosaempresas.com.ar%2Findex.php%2Fproductos-destacados%2F|title:1-Destacados-Portfolio%20Fluid|target:_blank&#8221; button_color_type=&#8221;uncode-palette&#8221; uncode_shortcode_id=&#8221;767602&#8243;]VER M\u00c1S[\/vc_button][\/vc_column][vc_column column_width_percent=&#8221;100&#8243; gutter_size=&#8221;3&#8243; overlay_alpha=&#8221;50&#8243; shift_x=&#8221;0&#8243; shift_y=&#8221;0&#8243; shift_y_down=&#8221;0&#8243; z_index=&#8221;0&#8243; medium_width=&#8221;4&#8243; mobile_width=&#8221;0&#8243; width=&#8221;6\/12&#8243; el_class=&#8221;image-card image-card-triple&#8221; uncode_shortcode_id=&#8221;327674&#8243;][vc_single_image media=&#8221;121124&#8243; media_width_percent=&#8221;100&#8243; media_ratio=&#8221;one-one&#8221; alignment=&#8221;right&#8221; uncode_shortcode_id=&#8221;134906&#8243;][vc_single_image media=&#8221;121051&#8243; media_width_percent=&#8221;100&#8243; media_ratio=&#8221;one-one&#8221; alignment=&#8221;right&#8221; uncode_shortcode_id=&#8221;396310&#8243;][\/vc_column][\/vc_row]<\/p>\n","protected":false},"excerpt":{"rendered":"<p>[vc_row unlock_row_content=&#8221;yes&#8221; row_height_percent=&#8221;0&#8243; override_padding=&#8221;yes&#8221; h_padding=&#8221;6&#8243; top_padding=&#8221;5&#8243; bottom_padding=&#8221;5&#8243; overlay_alpha=&#8221;50&#8243; gutter_size=&#8221;4&#8243; column_width_use_pixel=&#8221;yes&#8221; shift_y=&#8221;0&#8243; z_index=&#8221;0&#8243; el_class=&#8221;inverted-device-order&#8221; column_width_pixel=&#8221;1600&#8243; uncode_shortcode_id=&#8221;301557&#8243;][vc_column column_width_percent=&#8221;100&#8243; position_vertical=&#8221;middle&#8221; gutter_size=&#8221;3&#8243; overlay_alpha=&#8221;50&#8243; shift_x=&#8221;0&#8243; [&hellip;]<\/p>\n","protected":false},"author":1,"featured_media":120411,"parent":0,"menu_order":0,"comment_status":"closed","ping_status":"closed","template":"","meta":{"om_disable_all_campaigns":false,"_mi_skip_tracking":false,"_joinchat":[]},"yoast_head":"<!-- This site is optimized with the Yoast SEO plugin v20.5 - https:\/\/yoast.com\/wordpress\/plugins\/seo\/ -->\n<title>Productos destacados - Max Continental<\/title>\n<meta name=\"description\" content=\"Conoc\u00e9 todos nuestros productos destacados. Alt\u00edsima calidad y desempe\u00f1o superior. Venta en todo el pa\u00eds. \u00a1Ingresa ya!\" \/>\n<meta name=\"robots\" content=\"index, follow, max-snippet:-1, max-image-preview:large, max-video-preview:-1\" \/>\n<link rel=\"canonical\" href=\"https:\/\/serviciosaempresas.com.ar\/index.php\/productos-destacados\/\" \/>\n<meta property=\"og:locale\" content=\"es_ES\" \/>\n<meta property=\"og:type\" content=\"article\" \/>\n<meta property=\"og:title\" content=\"Productos destacados - Max Continental\" \/>\n<meta property=\"og:description\" content=\"Conoc\u00e9 todos nuestros productos destacados. Alt\u00edsima calidad y desempe\u00f1o superior. Venta en todo el pa\u00eds. \u00a1Ingresa ya!\" \/>\n<meta property=\"og:url\" content=\"https:\/\/serviciosaempresas.com.ar\/index.php\/productos-destacados\/\" \/>\n<meta property=\"og:site_name\" content=\"Max Continental\" \/>\n<meta property=\"article:modified_time\" content=\"2025-02-27T13:08:19+00:00\" \/>\n<meta property=\"og:image\" content=\"https:\/\/serviciosaempresas.com.ar\/wp-content\/uploads\/2023\/04\/max-destacados.png\" \/>\n\t<meta property=\"og:image:width\" content=\"722\" \/>\n\t<meta property=\"og:image:height\" content=\"520\" \/>\n\t<meta property=\"og:image:type\" content=\"image\/png\" \/>\n<meta name=\"twitter:card\" content=\"summary_large_image\" \/>\n<meta name=\"twitter:title\" content=\"Productos destacados - Max Continental\" \/>\n<meta name=\"twitter:image\" content=\"https:\/\/serviciosaempresas.com.ar\/wp-content\/uploads\/2023\/04\/max-destacados.png\" \/>\n<meta name=\"twitter:label1\" content=\"Tiempo de lectura\" \/>\n\t<meta name=\"twitter:data1\" content=\"2 minutos\" \/>\n<script type=\"application\/ld+json\" class=\"yoast-schema-graph\">{\"@context\":\"https:\/\/schema.org\",\"@graph\":[{\"@type\":\"WebPage\",\"@id\":\"https:\/\/serviciosaempresas.com.ar\/index.php\/productos-destacados\/\",\"url\":\"https:\/\/serviciosaempresas.com.ar\/index.php\/productos-destacados\/\",\"name\":\"Productos destacados - Max Continental\",\"isPartOf\":{\"@id\":\"https:\/\/serviciosaempresas.com.ar\/#website\"},\"datePublished\":\"2022-12-07T15:16:48+00:00\",\"dateModified\":\"2025-02-27T13:08:19+00:00\",\"description\":\"Conoc\u00e9 todos nuestros productos destacados. Alt\u00edsima calidad y desempe\u00f1o superior. Venta en todo el pa\u00eds. \u00a1Ingresa ya!\",\"breadcrumb\":{\"@id\":\"https:\/\/serviciosaempresas.com.ar\/index.php\/productos-destacados\/#breadcrumb\"},\"inLanguage\":\"es-AR\",\"potentialAction\":[{\"@type\":\"ReadAction\",\"target\":[\"https:\/\/serviciosaempresas.com.ar\/index.php\/productos-destacados\/\"]}]},{\"@type\":\"BreadcrumbList\",\"@id\":\"https:\/\/serviciosaempresas.com.ar\/index.php\/productos-destacados\/#breadcrumb\",\"itemListElement\":[{\"@type\":\"ListItem\",\"position\":1,\"name\":\"Inicio\",\"item\":\"https:\/\/serviciosaempresas.com.ar\/\"},{\"@type\":\"ListItem\",\"position\":2,\"name\":\"Destacados\"}]},{\"@type\":\"WebSite\",\"@id\":\"https:\/\/serviciosaempresas.com.ar\/#website\",\"url\":\"https:\/\/serviciosaempresas.com.ar\/\",\"name\":\"Max Continental\",\"description\":\"Max Continental productos m\u00e9dicos\",\"potentialAction\":[{\"@type\":\"SearchAction\",\"target\":{\"@type\":\"EntryPoint\",\"urlTemplate\":\"https:\/\/serviciosaempresas.com.ar\/?s={search_term_string}\"},\"query-input\":\"required name=search_term_string\"}],\"inLanguage\":\"es-AR\"}]}<\/script>\n<!-- \/ Yoast SEO plugin. -->","yoast_head_json":{"title":"Productos destacados - Max Continental","description":"Conoc\u00e9 todos nuestros productos destacados. Alt\u00edsima calidad y desempe\u00f1o superior. Venta en todo el pa\u00eds. \u00a1Ingresa ya!","robots":{"index":"index","follow":"follow","max-snippet":"max-snippet:-1","max-image-preview":"max-image-preview:large","max-video-preview":"max-video-preview:-1"},"canonical":"https:\/\/serviciosaempresas.com.ar\/index.php\/productos-destacados\/","og_locale":"es_ES","og_type":"article","og_title":"Productos destacados - Max Continental","og_description":"Conoc\u00e9 todos nuestros productos destacados. Alt\u00edsima calidad y desempe\u00f1o superior. Venta en todo el pa\u00eds. \u00a1Ingresa ya!","og_url":"https:\/\/serviciosaempresas.com.ar\/index.php\/productos-destacados\/","og_site_name":"Max Continental","article_modified_time":"2025-02-27T13:08:19+00:00","og_image":[{"width":722,"height":520,"url":"https:\/\/serviciosaempresas.com.ar\/wp-content\/uploads\/2023\/04\/max-destacados.png","type":"image\/png"}],"twitter_card":"summary_large_image","twitter_title":"Productos destacados - Max Continental","twitter_image":"https:\/\/serviciosaempresas.com.ar\/wp-content\/uploads\/2023\/04\/max-destacados.png","twitter_misc":{"Tiempo de lectura":"2 minutos"},"schema":{"@context":"https:\/\/schema.org","@graph":[{"@type":"WebPage","@id":"https:\/\/serviciosaempresas.com.ar\/index.php\/productos-destacados\/","url":"https:\/\/serviciosaempresas.com.ar\/index.php\/productos-destacados\/","name":"Productos destacados - Max Continental","isPartOf":{"@id":"https:\/\/serviciosaempresas.com.ar\/#website"},"datePublished":"2022-12-07T15:16:48+00:00","dateModified":"2025-02-27T13:08:19+00:00","description":"Conoc\u00e9 todos nuestros productos destacados. Alt\u00edsima calidad y desempe\u00f1o superior. Venta en todo el pa\u00eds. \u00a1Ingresa ya!","breadcrumb":{"@id":"https:\/\/serviciosaempresas.com.ar\/index.php\/productos-destacados\/#breadcrumb"},"inLanguage":"es-AR","potentialAction":[{"@type":"ReadAction","target":["https:\/\/serviciosaempresas.com.ar\/index.php\/productos-destacados\/"]}]},{"@type":"BreadcrumbList","@id":"https:\/\/serviciosaempresas.com.ar\/index.php\/productos-destacados\/#breadcrumb","itemListElement":[{"@type":"ListItem","position":1,"name":"Inicio","item":"https:\/\/serviciosaempresas.com.ar\/"},{"@type":"ListItem","position":2,"name":"Destacados"}]},{"@type":"WebSite","@id":"https:\/\/serviciosaempresas.com.ar\/#website","url":"https:\/\/serviciosaempresas.com.ar\/","name":"Max Continental","description":"Max Continental productos m\u00e9dicos","potentialAction":[{"@type":"SearchAction","target":{"@type":"EntryPoint","urlTemplate":"https:\/\/serviciosaempresas.com.ar\/?s={search_term_string}"},"query-input":"required name=search_term_string"}],"inLanguage":"es-AR"}]}},"_links":{"self":[{"href":"https:\/\/serviciosaempresas.com.ar\/index.php\/wp-json\/wp\/v2\/pages\/118549"}],"collection":[{"href":"https:\/\/serviciosaempresas.com.ar\/index.php\/wp-json\/wp\/v2\/pages"}],"about":[{"href":"https:\/\/serviciosaempresas.com.ar\/index.php\/wp-json\/wp\/v2\/types\/page"}],"author":[{"embeddable":true,"href":"https:\/\/serviciosaempresas.com.ar\/index.php\/wp-json\/wp\/v2\/users\/1"}],"replies":[{"embeddable":true,"href":"https:\/\/serviciosaempresas.com.ar\/index.php\/wp-json\/wp\/v2\/comments?post=118549"}],"version-history":[{"count":0,"href":"https:\/\/serviciosaempresas.com.ar\/index.php\/wp-json\/wp\/v2\/pages\/118549\/revisions"}],"wp:featuredmedia":[{"embeddable":true,"href":"https:\/\/serviciosaempresas.com.ar\/index.php\/wp-json\/wp\/v2\/media\/120411"}],"wp:attachment":[{"href":"https:\/\/serviciosaempresas.com.ar\/index.php\/wp-json\/wp\/v2\/media?parent=118549"}],"curies":[{"name":"wp","href":"https:\/\/api.w.org\/{rel}","templated":true}]}}